{"id":36,"date":"2023-03-16T21:54:40","date_gmt":"2023-03-16T20:54:40","guid":{"rendered":"https:\/\/www.jabber.de\/?page_id=36"},"modified":"2023-03-16T22:04:45","modified_gmt":"2023-03-16T21:04:45","slug":"datenschutz","status":"publish","type":"page","link":"https:\/\/www.jabber.de\/?page_id=36","title":{"rendered":"Datenschutz"},"content":{"rendered":"\n<h2 class=\"wp-block-heading\"><strong>Datenschutzerkl\u00e4rung f\u00fcr den XMPP\/Jabber-Dienst<\/strong> (nach DSGVO)<\/h2>\n\n\n\n<p><strong>Name und Kontaktdaten des Verantwortlichen<\/strong><\/p>\n\n\n\n<p>Der Verantwortliche im Sinne der Datenschutz-Grundverordnung und anderer nationaler Datenschutzgesetze der Mitgliedsstaaten sowie sonstiger datenschutzrechtlicher Bestimmungen ist:<\/p>\n\n\n\n<p>Maryna Kondratieva<br>Aleja Solidarnosci 12A<br>03-411 Warsaw<br>Poland<br>E-Mail: webmaster @ jabber.de<\/p>\n\n\n\n<p><strong>Allgemeines zur Datenverarbeitung<\/strong><\/p>\n\n\n\n<p><strong>Umfang der Verarbeitung personenbezogener Daten<\/strong><\/p>\n\n\n\n<p>Wir verarbeiten personenbezogene Daten unserer Nutzer grunds\u00e4tzlich nur, soweit dies zur Bereitstellung einer funktionsf\u00e4higen Website sowie unserer Inhalte und Leistungen erforderlich ist. Die Verarbeitung personenbezogener Daten unserer Nutzer erfolgt regelm\u00e4\u00dfig nur nach Einwilligung des Nutzers. Eine Ausnahme gilt in solchen F\u00e4llen, in denen eine vorherige Einholung einer Einwilligung aus tats\u00e4chlichen Gr\u00fcnden nicht m\u00f6glich ist und die Verarbeitung der Daten durch gesetzliche Vorschriften gestattet ist.<\/p>\n\n\n\n<p><strong>Rechtsgrundlage f\u00fcr die Verarbeitung personenbezogener Daten<\/strong><\/p>\n\n\n\n<p>Soweit wir f\u00fcr Verarbeitungsvorg\u00e4nge personenbezogener Daten eine Einwilligung der betroffenen Person einholen, dient Art.&nbsp;6 Abs.&nbsp;1 lit.&nbsp;a EU-Datenschutzgrundverordnung (DSGVO) als Rechtsgrundlage. Bei der Verarbeitung von personenbezogenen Daten, die zur Erf\u00fcllung eines Vertrages, dessen Vertragspartei die betroffene Person ist, erforderlich ist, dient Art.&nbsp;6 Abs.&nbsp;1 lit.&nbsp;b DSGVO als Rechtsgrundlage. Dies gilt auch f\u00fcr Verarbeitungsvorg\u00e4nge, die zur Durchf\u00fchrung vorvertraglicher Ma\u00dfnahmen erforderlich sind. Soweit eine Verarbeitung personenbezogener Daten zur Erf\u00fcllung einer rechtlichen Verpflichtung erforderlich ist, der wir unterliegen, dient Art.&nbsp;6 Abs.&nbsp;1 lit.&nbsp;c DSGVO als Rechtsgrundlage. F\u00fcr den Fall, dass lebenswichtige Interessen der betroffenen Person oder einer anderen nat\u00fcrlichen Person eine Verarbeitung personenbezogener Daten erforderlich machen, dient Art.&nbsp;6 Abs.&nbsp;1 lit.&nbsp;d DSGVO als Rechtsgrundlage. Ist die Verarbeitung zur Wahrung eines berechtigten Interesses unseres Unternehmens oder eines Dritten erforderlich und \u00fcberwiegen die Interessen, Grundrechte und Grundfreiheiten des Betroffenen das erstgenannte Interesse nicht, so dient Art.&nbsp;6 Abs.&nbsp;1 lit.&nbsp;f DSGVO als Rechtsgrundlage f\u00fcr die Verarbeitung.<\/p>\n\n\n\n<p><strong>Datenl\u00f6schung und Speicherdauer<\/strong><\/p>\n\n\n\n<p>Die personenbezogenen Daten der betroffenen Person werden gel\u00f6scht oder gesperrt, sobald der Zweck der Speicherung entf\u00e4llt. Eine Speicherung kann dar\u00fcber hinaus erfolgen, wenn dies durch den europ\u00e4ischen oder nationalen Gesetzgeber in unionsrechtlichen Verordnungen, Gesetzen oder sonstigen Vorschriften, denen der Verantwortliche unterliegt, vorgesehen wurde. Eine Sperrung oder L\u00f6schung der Daten erfolgt auch dann, wenn eine durch die genannten Normen vorgeschriebene Speicherfrist abl\u00e4uft, es sei denn, dass eine Erforderlichkeit zur weiteren Speicherung der Daten f\u00fcr einen Vertragsabschluss oder eine Vertragserf\u00fcllung besteht.<\/p>\n\n\n\n<p>Der Betreiber des XMPP-Servers beh\u00e4lt sich vor, s\u00e4mtliche vom Server gespeicherten Daten in Form von Backups f\u00fcr bis zu einem halben Jahr auf externen Systemen vorzuhalten.<\/p>\n\n\n\n<p><strong>Bereitstellung der Website und Erstellung von Logfiles<\/strong><\/p>\n\n\n\n<p><strong>Beschreibung und Umfang der Datenverarbeitung<\/strong><\/p>\n\n\n\n<p>Bei jedem Aufruf unserer Internetseite erfasst unser System automatisiert Daten und Informationen vom Computersystem des aufrufenden Rechners.<\/p>\n\n\n\n<p>Folgende Daten werden hierbei erhoben:<\/p>\n\n\n\n<ul class=\"wp-block-list\">\n<li>Informationen \u00fcber den Browsertyp und die verwendete Version<\/li>\n\n\n\n<li>Das Betriebssystem des Nutzers<\/li>\n\n\n\n<li>Datum und Uhrzeit des Zugriffs<\/li>\n\n\n\n<li>Websites, von denen das System des Nutzers auf unsere Internetseite gelangt<\/li>\n<\/ul>\n\n\n\n<p>Die Daten werden ebenfalls in den Logfiles unseres Systems gespeichert. Eine Speicherung dieser Daten zusammen mit anderen personenbezogenen Daten des Nutzers findet nicht statt.<\/p>\n\n\n\n<p><strong>Rechtsgrundlage f\u00fcr die Datenverarbeitung<\/strong><\/p>\n\n\n\n<p>Rechtsgrundlage f\u00fcr die vor\u00fcbergehende Speicherung der Daten und der Logfiles ist Art.&nbsp;6 Abs.&nbsp;1 lit.&nbsp;f DSGVO.<\/p>\n\n\n\n<p><strong>Zweck der Datenverarbeitung<\/strong><\/p>\n\n\n\n<p>Die vor\u00fcbergehende Speicherung der IP-Adresse durch das System ist notwendig, um eine Auslieferung der Website an den Rechner des Nutzers zu erm\u00f6glichen. Hierf\u00fcr muss die IP-Adresse des Nutzers f\u00fcr die Dauer der Sitzung gespeichert bleiben.<\/p>\n\n\n\n<p>Die Speicherung in Logfiles erfolgt, um die Funktionsf\u00e4higkeit der Website sicherzustellen. Zudem dienen uns die Daten zur Optimierung der Website und zur Sicherstellung der Sicherheit unserer informationstechnischen Systeme. Eine Auswertung der Daten zu Marketingzwecken findet in diesem Zusammenhang nicht statt.<\/p>\n\n\n\n<p>In diesen Zwecken liegt auch unser berechtigtes Interesse an der Datenverarbeitung nach Art.&nbsp;6 Abs.&nbsp;1 lit.&nbsp;f DSGVO.<\/p>\n\n\n\n<p><strong>Dauer der Speicherung<\/strong><\/p>\n\n\n\n<p>Die Daten werden gel\u00f6scht, sobald sie f\u00fcr die Erreichung des Zweckes ihrer Erhebung nicht mehr erforderlich sind. Im Falle der Erfassung der Daten zur Bereitstellung der Website ist dies der Fall, wenn die jeweilige Sitzung beendet ist.<\/p>\n\n\n\n<p>Im Falle der Speicherung der Daten in Logfiles ist dies nach sp\u00e4testens 14 Tagen der Fall. Eine dar\u00fcberhinausgehende Speicherung ist m\u00f6glich. In diesem Fall werden die IP-Adressen der Nutzer gel\u00f6scht oder verfremdet, sodass eine Zuordnung des aufrufenden Clients nicht mehr m\u00f6glich ist.<\/p>\n\n\n\n<p><strong>E-Mail-Kontakt und Kontaktformular<\/strong><\/p>\n\n\n\n<p><strong>Beschreibung und Umfang der Datenverarbeitung<\/strong><\/p>\n\n\n\n<p>Eine Kontaktaufnahme \u00fcber die bereitgestellte E-Mail-Adresse und\/oder das Kontaktformular ist m\u00f6glich und freiwillig. In diesem Fall werden die mit \u00fcbermittelten personenbezogenen Daten des Nutzers gespeichert.<\/p>\n\n\n\n<p>Die Daten werden ausschlie\u00dflich f\u00fcr die Verarbeitung der Konversation verwendet. Es erfolgt in diesem Zusammenhang keine Weitergabe der Daten an Dritte.<\/p>\n\n\n\n<p><strong>Rechtsgrundlage f\u00fcr die Datenverarbeitung<\/strong><\/p>\n\n\n\n<p>Indem der Nutzer uns eine E-Mail sendet bzw. das Kontaktformular nutzt, willigt er in die \u00dcbermittlung seiner Daten ein. Rechtsgrundlage ist Art. 6 Abs. 1 lit. a DSGVO. F\u00fcr die Bearbeitung der Nutzeranfrage ist Rechtsgrundlage Art 6 Abs. 1 lit. f DSVO. Zielt der E-Mail-Kontakt auf den Abschluss eines Vertrages ab, so ist zus\u00e4tzliche Rechtsgrundlage f\u00fcr die Verarbeitung Art.&nbsp;6 Abs.&nbsp;1 lit.&nbsp;b DSGVO.<\/p>\n\n\n\n<p><strong>Zweck der Datenverarbeitung<\/strong><\/p>\n\n\n\n<p>Die Verarbeitung der personenbezogenen Daten aus der Eingabemaske dient uns allein zur Bearbeitung der Kontaktaufnahme. Im Falle einer Kontaktaufnahme per E-Mail liegt hieran das erforderliche berechtigte Interesse an der Verarbeitung der Daten. Die sonstigen w\u00e4hrend des Absendevorgangs verarbeiteten personenbezogenen Daten dienen dazu, die Sicherheit unserer informationstechnischen Systeme sicherzustellen.<\/p>\n\n\n\n<p><strong>Dauer der Speicherung<\/strong><\/p>\n\n\n\n<p>Die Speicherdauer von Daten, die \u00fcber das Kontaktformular oder via E-Mail (z.B. als Anfrage zum Zur\u00fccksetzen des Passwortes) \u00fcbermittelt werden, h\u00e4ngt von der Dauer der Erf\u00fcllung der Aufgaben und Pflichten ab.<\/p>\n\n\n\n<p><strong>Rechtsgrundlage f\u00fcr die Datenverarbeitung<\/strong><\/p>\n\n\n\n<p>Rechtsgrundlage f\u00fcr die Speicherung der Daten ist Art.&nbsp;6 Abs.&nbsp;1 lit.&nbsp;b DSGVO.<\/p>\n\n\n\n<p><strong>Zweck der Datenverarbeitung<\/strong><\/p>\n\n\n\n<p>Die oben genannten Informationen dienen der Bereitstellung des Dienstes und m\u00fcssen gespeichert werden, um dem Benutzer den Service anbieten zu k\u00f6nnen. Die Speicherung von PEP-Accountinformationen und Dateiuploads geschieht nur, wenn der Benutzer explizit Funktionen des Dienstes nutzt, die diese zwingend erfordern (Ausf\u00fcllen der Profilinformationen, austauschen von Dateien im Chat).<\/p>\n\n\n\n<p><strong>Dauer der Speicherung<\/strong><\/p>\n\n\n\n<p>Logdateien inkl. gespeicherter IP-Adressen werden nach sp\u00e4testens 14 Tagen gel\u00f6scht. Die L\u00f6schung von Dateiuploads erfolgt nach ebenfalls nach sp\u00e4testens 14 Tagen.<\/p>\n\n\n\n<p id=\"dsg-thirdparty-googlerecaptcha\"><strong>Google ReCaptcha<\/strong><\/p>\n\n\n\n<p>Wir binden die Funktion zur Erkennung von Bots, z.B. bei Eingaben in Onlineformularen (\u201cReCaptcha\u201d) des Anbieters Google LLC, 1600 Amphitheatre Parkway, Mountain View, CA 94043, USA, ein. Datenschutzerkl\u00e4rung:&nbsp;<a href=\"https:\/\/www.google.com\/policies\/privacy\/\" target=\"_blank\" rel=\"noreferrer noopener\">https:\/\/www.google.com\/policies\/privacy\/<\/a>, Opt-Out:&nbsp;<a href=\"https:\/\/adssettings.google.com\/authenticated\" target=\"_blank\" rel=\"noreferrer noopener\">https:\/\/adssettings.google.com\/authenticated<\/a>.<\/p>\n\n\n\n<p id=\"dsg-thirdparty-twitter\"><strong><br>Twitter<\/strong><\/p>\n\n\n\n<p>Innerhalb unseres Onlineangebotes k\u00f6nnen Funktionen und Inhalte des Dienstes Twitter, angeboten durch die Twitter Inc., 1355 Market Street, Suite 900, San Francisco, CA 94103, USA, eingebunden werden. Hierzu k\u00f6nnen z.B. Inhalte wie Bilder, Videos oder Texte und Schaltfl\u00e4chen geh\u00f6ren, mit denen Nutzer Inhalte dieses Onlineangebotes innerhalb von Twitter teilen k\u00f6nnen.<br>Sofern die Nutzer Mitglieder der Plattform Twitter sind, kann Twitter den Aufruf der o.g. Inhalte und Funktionen den dortigen Profilen der Nutzer zuordnen. Twitter ist unter dem Privacy-Shield-Abkommen zertifiziert und bietet hierdurch eine Garantie, das europ\u00e4ische Datenschutzrecht einzuhalten (<a href=\"https:\/\/www.privacyshield.gov\/participant?id=a2zt0000000TORzAAO&amp;status=Active\" target=\"_blank\" rel=\"noreferrer noopener\">https:\/\/www.privacyshield.gov\/participant?id=a2zt0000000TORzAAO&amp;status=Active<\/a>). Datenschutzerkl\u00e4rung:&nbsp;<a href=\"https:\/\/twitter.com\/de\/privacy\" target=\"_blank\" rel=\"noreferrer noopener\">https:\/\/twitter.com\/de\/privacy<\/a>, Opt-Out:&nbsp;<a href=\"https:\/\/twitter.com\/personalization\" target=\"_blank\" rel=\"noreferrer noopener\">https:\/\/twitter.com\/personalization<\/a>.<\/p>\n\n\n\n<p id=\"dsg-sharing-shariff\"><strong><br>Shariff-Sharingfunktionen<\/strong><\/p>\n\n\n\n<p>Wir verwenden die datenschutzsicheren \u201eShariff\u201c-Schaltfl\u00e4chen. \u201eShariff\u201c wurde entwickelt, um mehr Privatsph\u00e4re im Netz zu erm\u00f6glichen und die \u00fcblichen \u201cShare\u201d-Buttons der sozialen Netzwerke zu ersetzen. Dabei stellt nicht der Browser der Nutzer, sondern der Server auf dem sich dieses Onlineangebot befindet, eine Verbindung mit dem Server der jeweiligen Social-Media-Plattformen her und fragt z.B. die Anzahl von Likes, etc. ab. Der Nutzer bleibt hierbei anonym. Mehr Informationen zum Shariff-Projekt finden Sie bei den Entwicklern von dem Magazin c\u2019t:&nbsp;<a href=\"https:\/\/www.heise.de\/ct\/artikel\/Shariff-Social-Media-Buttons-mit-Datenschutz-2467514.html\" target=\"_blank\" rel=\"noreferrer noopener\">www.ct.de<\/a>.<\/p>\n\n\n\n<p id=\"dsg-socialmedia\"><strong><br>Onlinepr\u00e4senzen in sozialen Medien<\/strong><\/p>\n\n\n\n<p>Wir unterhalten Onlinepr\u00e4senzen innerhalb sozialer Netzwerke und Plattformen, um mit den dort aktiven Nutzern kommunizieren und sie dort \u00fcber unsere Leistungen informieren zu k\u00f6nnen. Beim Aufruf der jeweiligen Netzwerke und Plattformen gelten die Gesch\u00e4ftsbedingungen und die Datenverarbeitungsrichtlinien deren jeweiligen Betreiber.<\/p>\n\n\n\n<p>Soweit nicht anders im Rahmen unserer Datenschutzerkl\u00e4rung angegeben, verarbeiten wir die Daten der Nutzer sofern diese mit uns innerhalb der sozialen Netzwerke und Plattformen kommunizieren, z.B. Beitr\u00e4ge auf unseren Onlinepr\u00e4senzen verfassen oder uns Nachrichten zusenden.<\/p>\n\n\n\n<p><strong>Rechte der betroffenen Person<\/strong><\/p>\n\n\n\n<p>Werden personenbezogene Daten von Ihnen verarbeitet, sind Sie Betroffener i.S.d. DSGVO und es stehen Ihnen folgende Rechte gegen\u00fcber dem Verantwortlichen zu:<\/p>\n\n\n\n<p><strong>Auskunftsrecht gem. Art 15 DSGVO<\/strong><\/p>\n\n\n\n<p>Sie k\u00f6nnen von dem Verantwortlichen eine Best\u00e4tigung dar\u00fcber verlangen, ob personenbezogene Daten, die Sie betreffen, von uns verarbeitet werden. Liegt eine solche Verarbeitung vor, haben Sie ein Recht auf Auskunft \u00fcber diese personenbezogenen Daten und auf die in Art. 15 DSGVO weiter genannten Informationen.<\/p>\n\n\n\n<p><strong>Recht auf Berichtigung gem. Art. 16 DSGVO<\/strong><\/p>\n\n\n\n<p>Sofern die Sie betreffenden personenbezogenen Daten unrichtig oder unvollst\u00e4ndig sind, &nbsp;haben Sie gegen\u00fcber dem Betreiber des Servers ein Recht auf Berichtigung und\/oder Vervollst\u00e4ndigung dieser Daten.<\/p>\n\n\n\n<p><strong>Recht auf L\u00f6schung gem. Art. 17 DSGVO<\/strong><\/p>\n\n\n\n<p>Sie k\u00f6nnen von dem Verantwortlichen verlangen, dass die Sie betreffenden personenbezogenen Daten unverz\u00fcglich gel\u00f6scht werden, sofern die Voraussetzungen des Art. 17 DSGVO vorliegen und keine Ausnahme des Art. 17 Abs. 3 DSGVO greift.<\/p>\n\n\n\n<p><strong>Recht auf Einschr\u00e4nkung der Verarbeitung gem. Art. 18 DSGVO<\/strong><\/p>\n\n\n\n<p>Unter den Voraussetzungen des Art. 18 DSGVO k\u00f6nnen Sie die Einschr\u00e4nkung (Sperrung) der Verarbeitung der Sie betreffenden personenbezogenen Daten verlangen.<\/p>\n\n\n\n<p><strong>Recht auf Unterrichtung gem. Art. 19 DSGVO<\/strong><\/p>\n\n\n\n<p>Sie k\u00f6nnen verlangen, vom Verantwortlichen \u00fcber die Empf\u00e4nger der Mitteilungspflicht im Rahmen des Art. 19 DSGVO unterrichtet zu werden.<\/p>\n\n\n\n<p><strong>Recht auf Daten\u00fcbertragbarkeit gem. Art 20 DSGVO<\/strong><\/p>\n\n\n\n<p>Sie haben das Recht, die Sie betreffenden personenbezogenen Daten, die Sie dem Verantwortlichen bereitgestellt haben, im Rahmen der Vorgaben des Art. 20 DSGVO in einem strukturierten, g\u00e4ngigen und maschinenlesbaren Format zu erhalten sowie diese Daten einem anderen Verantwortlichen ohne Behinderung durch den Verantwortlichen, dem die personenbezogenen Daten bereitgestellt wurden, zu \u00fcbermitteln<\/p>\n\n\n\n<p><strong>Widerspruchsrecht gem. Art. 21 DSGVO<\/strong><\/p>\n\n\n\n<p>Sie haben nach Art. 21 DSGVO das Recht, aus Gr\u00fcnden, die sich aus ihrer besonderen Situation ergeben, jederzeit gegen die Verarbeitung der Sie betreffenden personenbezogenen Daten, die aufgrund von Art.&nbsp;6 Abs.&nbsp;1 lit.&nbsp;e oder f DSGVO erfolgt, Widerspruch einzulegen. Der Verantwortliche verarbeitet die Sie betreffenden personenbezogenen Daten nicht mehr, es sei denn, er kann zwingende schutzw\u00fcrdige Gr\u00fcnde f\u00fcr die Verarbeitung nachweisen, die Ihre Interessen, Rechte und Freiheiten \u00fcberwiegen, oder die Verarbeitung dient der Geltendmachung, Aus\u00fcbung oder Verteidigung von Rechtsanspr\u00fcchen.<\/p>\n\n\n\n<p>Bei einem Widerspruch und\/oder Beseitigungsanspruch bzgl. der Nutzung des XMMP Dienstes kann der Benutzer die erfassten Daten zum pers\u00f6nlichen XMPP-Account jederzeit auf Anfrage l\u00f6schen lassen. Eine Weiternutzung des Angebots ist dann ggf. aus technischen Gr\u00fcnden nicht mehr m\u00f6glich.<\/p>\n\n\n\n<p><strong>Recht auf Beschwerde bei einer Aufsichtsbeh\u00f6rde gem. Art. 77 DSGVO<\/strong><\/p>\n\n\n\n<p>Sie haben gem. Art. 77 DSGVO das Recht, eine Beschwerde bei der zust\u00e4ndigen Aufsichtsbeh\u00f6rde einzureichen.<\/p>\n\n\n\n<p><strong>Recht auf Widerruf der Einwilligung gem. Art. 7 Abs. 3 DSGVO<\/strong><\/p>\n\n\n\n<p>Sie haben das Recht, Ihre Einwilligung jederzeit zu widerrufen. Durch den Widerruf der Einwilligung wird die Rechtm\u00e4\u00dfigkeit der aufgrund der Einwilligung bis zum Widerruf erfolgten Verarbeitung nicht ber\u00fchrt.<\/p>\n\n\n\n<p><strong>XMPP \/ Datenschutz<\/strong><br>Jabber.de nimmt den Schutz pers\u00f6nlichen Daten sehr ernst und h\u00e4lt sich strikt an die Regeln der Datenschutzgesetze. Personenbezogene Daten werden auf diesem Server nur im technisch notwendigen Umfang erhoben. In keinem Fall werden die erhobenen personenbezogenen Daten verkauft oder aus anderen Gr\u00fcnden an Dritte weitergegeben. Wir bem\u00fchen uns einen \u201cDaten-sparsamen\u201d Server als WhatsApp Alternative anzubieten. <\/p>\n\n\n\n<p><strong>Jabber.de bietet dem Anwender die Wahl zur Ende-zu-Ende-Verschl\u00fcsselung (<a href=\"https:\/\/omemo.top\/\" target=\"_blank\" rel=\"noreferrer noopener\">OMEMO<\/a>\/OpenPGP) auf Basis des Jabber Protokoll XMPP (Clientbasiert).<br><\/strong>Der Server der Webseiten erhebt und speichert automatisch Informationen in so genannten Server-Log Files, die Ihr Browser automatisch an uns \u00fcbermittelt. Dies sind:<\/p>\n\n\n\n<ul class=\"wp-block-list\">\n<li>Browsertyp \/ Browserversion<\/li>\n\n\n\n<li>verwendetes Betriebssystem<\/li>\n\n\n\n<li>Referrer URL<\/li>\n\n\n\n<li>Hostname des zugreifenden Rechners<\/li>\n\n\n\n<li>Uhrzeit der Serveranfrage<\/li>\n<\/ul>\n\n\n\n<p>Diese Daten sind nicht bestimmten Personen zuordenbar. Eine Zusammenf\u00fchrung dieser Daten mit anderen Datenquellen wird nicht vorgenommen. Wir behalten uns vor, diese Daten nachtr\u00e4glich zu pr\u00fcfen, wenn uns konkrete Anhaltspunkte f\u00fcr eine rechtswidrige Nutzung bekannt werden.<\/p>\n\n\n\n<p><em><strong>Was geschieht mit diesen Daten?<\/strong><\/em><\/p>\n\n\n\n<p>Die \u00fcber einen Nutzer gespeicherten Daten werden nicht kommerziell genutzt. Sie werden auch nicht an dritte Personen verkauft. Es wird keinerlei Werbung an die Nutzer dieses Services verschickt, auch nicht in eigener Sache. Die Daten werden ausschlie\u00dflich f\u00fcr den Betrieb, Instandhaltung und Sicherung dieses Server\/Dienstes eingesetzt.<br>Folgende Ausnahmen hierzu existieren: Werden Daten des Benutzers von diesem oder seinem Nutzerprogramm dazu gespeichert ver\u00f6ffentlich zu werden (hierunter f\u00e4llt insbesondere eine abgespeicherte vCard oder http_upload), so sind diese Informationen durch andere Nutzer einzeln abrufbar.<br><\/p>\n\n\n\n<p>Der Betreiber dieses Servers untersagt ausdr\u00fccklich die Nutzung dieses Dienstes zum Versand von unerw\u00fcnschter (das hei\u00dft nicht ausdr\u00fccklich angeforderter) Werbung, kann dies jedoch nicht in allen F\u00e4llen durchsetzen.<br><\/p>\n\n\n\n<p>Nachrichten, die von einem Nutzer an einen anderen Nutzer verschickt werden, k\u00f6nnen auf andere Server zugestellt werden. Die dortige Behandlung unterliegt nicht unbedingt den Zusicherungen f\u00fcr diesen Server. Desgleichen gilt f\u00fcr Informationen, die der Benutzer f\u00fcr die Weitergabe an andere Nutzer oder alle Nutzer bestimmt hat (z.\u202fB. Informationen \u00fcber den Online-Status\/die Presence an Benutzer denen er die Erlaubnis erteilt hat sowie technisch bedingt die Server, die von diesen Nutzern verwendet werden).<br><\/p>\n\n\n\n<p>Alle Kommunikation \u00fcber das Jabber-Protokoll erfolgt \u00fcber den Server. Jabber-Clients k\u00f6nnen sich jedoch innerhalb von Nachrichten gegenseitig ihre IP-Adresse zuschicken um z.\u202fB. eine Datei\u00fcbertragung zu starten. Der Server \u00fcberpr\u00fcft diese IP-Adresse jedoch nicht und gibt selbst keine IP-Adresse eines Nutzers an eine dritter Person weiter.<\/p>\n","protected":false},"excerpt":{"rendered":"<p>Datenschutzerkl\u00e4rung f\u00fcr den XMPP\/Jabber-Dienst (nach DSGVO) Name und Kontaktdaten des Verantwortlichen Der Verantwortliche im Sinne der Datenschutz-Grundverordnung und anderer nationaler Datenschutzgesetze der Mitgliedsstaaten sowie sonstiger datenschutzrechtlicher Bestimmungen ist: Maryna KondratievaAleja Solidarnosci 12A03-411 WarsawPolandE-Mail: webmaster @ jabber.de Allgemeines zur Datenverarbeitung Umfang der Verarbeitung personenbezogener Daten Wir verarbeiten personenbezogene Daten unserer Nutzer grunds\u00e4tzlich nur, soweit dies zur [&hellip;]<\/p>\n","protected":false},"author":1,"featured_media":0,"parent":0,"menu_order":0,"comment_status":"closed","ping_status":"closed","template":"","meta":{"footnotes":""},"class_list":["post-36","page","type-page","status-publish","hentry"],"_links":{"self":[{"href":"https:\/\/www.jabber.de\/index.php?rest_route=\/wp\/v2\/pages\/36","targetHints":{"allow":["GET"]}}],"collection":[{"href":"https:\/\/www.jabber.de\/index.php?rest_route=\/wp\/v2\/pages"}],"about":[{"href":"https:\/\/www.jabber.de\/index.php?rest_route=\/wp\/v2\/types\/page"}],"author":[{"embeddable":true,"href":"https:\/\/www.jabber.de\/index.php?rest_route=\/wp\/v2\/users\/1"}],"replies":[{"embeddable":true,"href":"https:\/\/www.jabber.de\/index.php?rest_route=%2Fwp%2Fv2%2Fcomments&post=36"}],"version-history":[{"count":5,"href":"https:\/\/www.jabber.de\/index.php?rest_route=\/wp\/v2\/pages\/36\/revisions"}],"predecessor-version":[{"id":47,"href":"https:\/\/www.jabber.de\/index.php?rest_route=\/wp\/v2\/pages\/36\/revisions\/47"}],"wp:attachment":[{"href":"https:\/\/www.jabber.de\/index.php?rest_route=%2Fwp%2Fv2%2Fmedia&parent=36"}],"curies":[{"name":"wp","href":"https:\/\/api.w.org\/{rel}","templated":true}]}}