{"id":10,"date":"2023-03-15T20:27:25","date_gmt":"2023-03-15T20:27:25","guid":{"rendered":"https:\/\/www.jabber.de\/?page_id=10"},"modified":"2023-03-15T20:28:54","modified_gmt":"2023-03-15T20:28:54","slug":"impressum","status":"publish","type":"page","link":"https:\/\/www.jabber.de\/?page_id=10","title":{"rendered":"Impressum"},"content":{"rendered":"\n<p>Angaben gem\u00e4\u00df \u00a7 5 TMG:<\/p>\n\n\n\n<p>Maryna Kondratieva<br>Aleja Solidarnosci 12A<br>03-411 Warsaw<br>Poland<\/p>\n\n\n\n<h4 class=\"wp-block-heading\">Kontakt:<\/h4>\n\n\n\n<p>E-Mail: webmaster_at_jabber.de<\/p>\n\n\n\n<h2 class=\"wp-block-heading\">Haftungsausschluss:<\/h2>\n\n\n\n<p><strong>Haftung f\u00fcr Inhalte<\/strong><\/p>\n\n\n\n<p>Die Inhalte unserer Seiten wurden mit gr\u00f6\u00dfter Sorgfalt erstellt.<br>F\u00fcr die Richtigkeit, Vollst\u00e4ndigkeit und Aktualit\u00e4t der Inhalte<br>k\u00f6nnen wir jedoch keine Gew\u00e4hr \u00fcbernehmen. Als Diensteanbieter sind wir gem\u00e4\u00df \u00a7 7 Abs.1 TMG f\u00fcr<br>eigene Inhalte auf diesen Seiten nach den allgemeinen Gesetzen verantwortlich.<br>Nach \u00a7\u00a7 8 bis 10 TMG sind wir als Diensteanbieter jedoch nicht<br>verpflichtet, \u00fcbermittelte oder gespeicherte fremde Informationen zu<br>\u00fcberwachen oder nach Umst\u00e4nden zu forschen, die auf eine rechtswidrige<br>T\u00e4tigkeit hinweisen. Verpflichtungen zur Entfernung oder Sperrung der<br>Nutzung von Informationen nach den allgemeinen Gesetzen bleiben hiervon<br>unber\u00fchrt. Eine diesbez\u00fcgliche Haftung ist jedoch erst ab dem<br>Zeitpunkt der Kenntnis einer konkreten Rechtsverletzung m\u00f6glich. Bei<br>Bekanntwerden von entsprechenden Rechtsverletzungen werden wir diese Inhalte<br>umgehend entfernen.<\/p>\n\n\n\n<p><strong>Haftung f\u00fcr Links<\/strong><\/p>\n\n\n\n<p>Unser Angebot enth\u00e4lt Links zu externen Webseiten Dritter, auf deren<br>Inhalte wir keinen Einfluss haben. Deshalb k\u00f6nnen wir f\u00fcr diese<br>fremden Inhalte auch keine Gew\u00e4hr \u00fcbernehmen. F\u00fcr die Inhalte<br>der verlinkten Seiten ist stets der jeweilige Anbieter oder Betreiber der<br>Seiten verantwortlich. Die verlinkten Seiten wurden zum Zeitpunkt der Verlinkung<br>auf m\u00f6gliche Rechtsverst\u00f6\u00dfe \u00fcberpr\u00fcft. Rechtswidrige<br>Inhalte waren zum Zeitpunkt der Verlinkung nicht erkennbar. Eine permanente<br>inhaltliche Kontrolle der verlinkten Seiten ist jedoch ohne konkrete Anhaltspunkte<br>einer Rechtsverletzung nicht zumutbar. Bei Bekanntwerden von Rechtsverletzungen<br>werden wir derartige Links umgehend entfernen.<\/p>\n\n\n\n<p><strong>Urheberrecht<\/strong><\/p>\n\n\n\n<p>Die durch die Seitenbetreiber erstellten Inhalte und Werke auf diesen Seiten<br>unterliegen dem deutschen Urheberrecht. Die Vervielf\u00e4ltigung, Bearbeitung, Verbreitung und<br>jede Art der Verwertung au\u00dferhalb der Grenzen des Urheberrechtes bed\u00fcrfen<br>der schriftlichen Zustimmung des jeweiligen Autors bzw. Erstellers. Downloads<br>und Kopien dieser Seite sind nur f\u00fcr den privaten, nicht kommerziellen<br>Gebrauch gestattet. Soweit die Inhalte auf dieser Seite nicht vom Betreiber erstellt wurden,<br>werden die Urheberrechte Dritter beachtet. Insbesondere werden Inhalte Dritter als solche<br>gekennzeichnet. Sollten Sie trotzdem auf eine Urheberrechtsverletzung aufmerksam werden, bitten wir um einen entsprechenden Hinweis.<br>Bei Bekanntwerden von Rechtsverletzungen werden wir derartige Inhalte umgehend entfernen.<\/p>\n\n\n\n<p><strong>Datenschutz<\/strong><\/p>\n\n\n\n<p>Die Nutzung unserer Webseite ist in der Regel ohne Angabe personenbezogener Daten m\u00f6glich. Soweit auf unseren Seiten personenbezogene Daten (beispielsweise Name,<br>Anschrift oder eMail-Adressen) erhoben werden, erfolgt dies, soweit m\u00f6glich, stets auf freiwilliger Basis. Diese Daten werden ohne Ihre ausdr\u00fcckliche Zustimmung nicht an Dritte weitergegeben.<\/p>\n\n\n\n<p>Wir weisen darauf hin, dass die Daten\u00fcbertragung im Internet (z.B.<br>bei der Kommunikation per E-Mail) Sicherheitsl\u00fccken aufweisen kann.<br>Ein l\u00fcckenloser Schutz der Daten vor dem Zugriff durch Dritte ist nicht<br>m\u00f6glich.<\/p>\n\n\n\n<p>Der Nutzung von im Rahmen der Impressumspflicht ver\u00f6ffentlichten Kontaktdaten<br>durch Dritte zur \u00dcbersendung von nicht ausdr\u00fccklich angeforderter<br>Werbung und Informationsmaterialien wird hiermit ausdr\u00fccklich widersprochen.<br>Die Betreiber der Seiten behalten sich ausdr\u00fccklich rechtliche Schritte<br>im Falle der unverlangten Zusendung von Werbeinformationen, etwa durch Spam-Mails,<br>vor.<\/p>\n\n\n\n<p>Weitere Informationen zum Datenschutz auf Jabber.de finden Sie\u00a0<a href=\"https:\/\/www.jabber.de\/impressum\/datenschutz\/\">hier.<\/a><\/p>\n\n\n\n<p>Quelle:\u00a0<em><a href=\"http:\/\/www.e-recht24.de\/muster-disclaimer.htm\" target=\"_blank\" rel=\"noreferrer noopener\">Disclaimer<\/a>\u00a0von eRecht24, dem Portal zum Internetrecht von\u00a0<a href=\"http:\/\/www.e-recht24.de\/\" target=\"_blank\" rel=\"noreferrer noopener\">Rechtsanwalt<\/a>\u00a0S\u00f6ren Siebert.<\/em><\/p>\n","protected":false},"excerpt":{"rendered":"<p>Angaben gem\u00e4\u00df \u00a7 5 TMG: Maryna KondratievaAleja Solidarnosci 12A03-411 WarsawPoland Kontakt: E-Mail: webmaster_at_jabber.de Haftungsausschluss: Haftung f\u00fcr Inhalte Die Inhalte unserer Seiten wurden mit gr\u00f6\u00dfter Sorgfalt erstellt.F\u00fcr die Richtigkeit, Vollst\u00e4ndigkeit und Aktualit\u00e4t der Inhaltek\u00f6nnen wir jedoch keine Gew\u00e4hr \u00fcbernehmen. Als Diensteanbieter sind wir gem\u00e4\u00df \u00a7 7 Abs.1 TMG f\u00fcreigene Inhalte auf diesen Seiten nach den allgemeinen [&hellip;]<\/p>\n","protected":false},"author":1,"featured_media":0,"parent":0,"menu_order":0,"comment_status":"closed","ping_status":"closed","template":"","meta":{"footnotes":""},"class_list":["post-10","page","type-page","status-publish","hentry"],"_links":{"self":[{"href":"https:\/\/www.jabber.de\/index.php?rest_route=\/wp\/v2\/pages\/10","targetHints":{"allow":["GET"]}}],"collection":[{"href":"https:\/\/www.jabber.de\/index.php?rest_route=\/wp\/v2\/pages"}],"about":[{"href":"https:\/\/www.jabber.de\/index.php?rest_route=\/wp\/v2\/types\/page"}],"author":[{"embeddable":true,"href":"https:\/\/www.jabber.de\/index.php?rest_route=\/wp\/v2\/users\/1"}],"replies":[{"embeddable":true,"href":"https:\/\/www.jabber.de\/index.php?rest_route=%2Fwp%2Fv2%2Fcomments&post=10"}],"version-history":[{"count":2,"href":"https:\/\/www.jabber.de\/index.php?rest_route=\/wp\/v2\/pages\/10\/revisions"}],"predecessor-version":[{"id":13,"href":"https:\/\/www.jabber.de\/index.php?rest_route=\/wp\/v2\/pages\/10\/revisions\/13"}],"wp:attachment":[{"href":"https:\/\/www.jabber.de\/index.php?rest_route=%2Fwp%2Fv2%2Fmedia&parent=10"}],"curies":[{"name":"wp","href":"https:\/\/api.w.org\/{rel}","templated":true}]}}